{"id":899,"date":"2012-02-23T17:45:47","date_gmt":"2012-02-23T15:45:47","guid":{"rendered":"http:\/\/www.mutuaarrocera.com\/?page_id=899"},"modified":"2026-01-14T11:27:47","modified_gmt":"2026-01-14T09:27:47","slug":"fechas-de-contratacion-de-las-diferentes-producciones-2012","status":"publish","type":"page","link":"https:\/\/www.mutuaarrocera.com\/?page_id=899","title":{"rendered":"Fechas de Contrataci\u00f3n de las diferentes producciones  2026"},"content":{"rendered":"<div id=\"container\" style=\"height: 280px; width: 705px;\">\n<div style=\"position: absolute; width: 450px; float: left;\">\n<ul>\n<li><a href=\"#Seguros para producciones agr\u00edcolas\">Seguros para producciones agr\u00edcolas<\/a><\/li>\n<li><a href=\"#Seguros de ganado\">Seguros de ganado<\/a><\/li>\n<li><a href=\"#Seguros de retirada\">Seguros de retirada<\/a><\/li>\n<li><a href=\"#Seguros en producciones acu\u00edcolas\">Seguros en producciones acu\u00edcolas<\/a><\/li>\n<\/ul>\n<\/div>\n<\/div>\n<p style=\"text-align: right; font-style: italic;\"><a href=\"\/?page_id=1002\">M\u00e1s informaci\u00f3n<\/a><\/p>\n<h3>L\u00cdNEAS DE SEGURO AGRUPADAS POR TIPOS DE SEGURO, CON SUS INICIOS DE SUSCRIPCI\u00d3N PREVISTOS<\/h3>\n<h2>CALENDARIO DE INICIO DE SUSCRIPCI\u00d3N<\/h2>\n<p><span style=\"text-decoration: underline;\">\u00a0<\/span><\/p>\n<p>&nbsp;<\/p>\n<table style=\"height: 2095px;\" border=\"1\" width=\"834\" cellpadding=\"0\">\n<tbody>\n<tr>\n<td style=\"text-align: center;\" width=\"45%\"><strong>Seguros para producciones agr\u00edcolas<a name=\"Seguros para producciones agr\u00edcolas\"><\/a><\/strong><\/td>\n<td style=\"text-align: center;\" width=\"36%\"><strong>Producciones asegurables<\/strong><\/td>\n<td width=\"16%\"><strong>Fecha inicio suscripci\u00f3n<\/strong><\/td>\n<\/tr>\n<tr>\n<td width=\"45%\"><u>Seguro coberturas crecientes explotaciones de cereza<\/u><\/td>\n<td width=\"36%\">Cereza<\/td>\n<td width=\"16%\"><u>1 de enero<\/u><\/td>\n<\/tr>\n<tr>\n<td width=\"45%\"><span style=\"color: #800000;\"><u>Seguro con coberturas crecientes para explotaciones de Caqui.<\/u><\/span><\/td>\n<td width=\"36%\"><span style=\"color: #800000;\">Caqui.<\/span><\/td>\n<td width=\"16%\"><span style=\"color: #800000;\"><u>15 de enero<\/u><\/span><\/td>\n<\/tr>\n<tr>\n<td width=\"45%\"><u>Seguros con coberturas crecientes para explotaciones hort\u00edcolas al a\u00edre libre, de ciclo primavera \u2013 verano, en la Pen\u00ednsula y Baleares.<\/u><\/td>\n<td width=\"36%\">Achicoria de ra\u00edz, berenjena, calabac\u00edn, calabaza, cal\u00e7ot, cebolla, cebolleta, chiriv\u00eda, chufa, jud\u00eda verde, mel\u00f3n, nabo, pepino, pepinillo, pimiento, puerro, r\u00e1bano, remolacha de mesa, sand\u00eda, tomate y zanahoria.<\/td>\n<td width=\"16%\"><u>15 de enero<\/u><\/td>\n<\/tr>\n<tr>\n<td width=\"45%\"><u>Seguro con coberturas crecientes para explotaciones hort\u00edcolas con ciclos sucesivos en la pen\u00ednsula y Baleares.<\/u><\/td>\n<td width=\"36%\">Acelga, achicoria de hoja verde, apio, baby leaf, berza, bimi, borraja, br\u00f3coli, coles de Bruselas, col-repollo, coliflor, escarola, espinaca, grelos, hinojo, hortalizas orientales, lechuga, romanesco y arom\u00e1ticas culinarias.<\/td>\n<td width=\"16%\"><u>15 de enero<\/u><\/td>\n<\/tr>\n<tr>\n<td width=\"45%\"><u>Seguro con coberturas crecientes para incendios forestales.<\/u><\/td>\n<td width=\"36%\">Con\u00edferas, frondosas arbustivas.<\/td>\n<td width=\"16%\"><u>15 de enero<\/u><\/td>\n<\/tr>\n<tr>\n<td width=\"45%\"><u>Seguro con coberturas crecientes para explotaciones de cultivos industriales no textiles.<\/u><\/td>\n<td width=\"36%\">Adormidera, alcaparra, aloe vera, an\u00eds, azafr\u00e1n, ca\u00f1a de az\u00facar, lavanda, lavand\u00edn, l\u00fapulo, mimbre, regaliz, remolacha azucarera, resto de arom\u00e1ticas,resto de medicinales y tabaco.<\/td>\n<td width=\"16%\"><u>1 de febrero<\/u><\/td>\n<\/tr>\n<tr>\n<td width=\"45%\"><u>Seguro con coberturas crecientes para explotaciones de planta viva, flor cortada, viveros y semillas en pen\u00ednsula y Baleares.<\/u><\/td>\n<td width=\"36%\">Planta viva, flor cortada, viveros: de vid, c\u00edtricos, forestales, fresa, frutales, arom\u00e1ticas, semillas de hortalizas y planteles de hortalizas, tabaco y fresa y fres\u00f3n.<\/td>\n<td width=\"16%\"><u>1 de febrero<\/u><\/td>\n<\/tr>\n<tr>\n<td width=\"45%\"><u>Seguro con coberturas crecientes para explotaciones de producciones tropicales y subtropicales.<\/u><\/td>\n<td width=\"36%\">Aguacate, chirimoyo, chumbera, litchi, mango, papaya, palmera datilera, y pi\u00f1a<\/td>\n<td width=\"16%\"><u>1 de febrero<\/u><\/td>\n<\/tr>\n<tr>\n<td width=\"45%\"><u>Seguro con coberturas crecientes para explotaciones industriales textiles.<\/u><\/td>\n<td width=\"36%\">Algod\u00f3n, c\u00e1\u00f1amo textil y lino textil.<\/td>\n<td width=\"16%\"><u>1 de febrero<\/u><\/td>\n<\/tr>\n<tr>\n<td width=\"45%\"><u>Seguro con coberturas crecientes para explotaciones de uva de mesa.<\/u><\/td>\n<td width=\"36%\">Uva de mesa.<\/td>\n<td width=\"16%\"><u>15 de febrero<\/u><\/td>\n<\/tr>\n<tr>\n<td width=\"45%\"><u>Seguro con coberturas crecientes para explotaciones de multicultivos y hortalizas.<\/u><\/td>\n<td width=\"36%\">Todas las hortalizas.<\/td>\n<td width=\"16%\"><u>1 de marzo<\/u><\/td>\n<\/tr>\n<tr>\n<td width=\"45%\"><span style=\"color: #993300;\"><u>Seguro con coberturas crecientes para explotaciones citr\u00edcolas.<\/u><\/span><\/td>\n<td width=\"36%\"><span style=\"color: #993300;\">Naranja, mandarina, lim\u00f3n, lima y pomelo.<\/span><\/td>\n<td width=\"16%\"><span style=\"color: #993300;\"><u>1 de marzo<\/u><\/span><\/td>\n<\/tr>\n<tr>\n<td width=\"45%\"><u>Seguro con coberturas crecientes para explotaciones hort\u00edcolas en Canarias.<\/u><\/td>\n<td width=\"36%\">Todas las producciones hort\u00edcolas, as\u00ed como las papas.<\/td>\n<td width=\"16%\"><u>1 de abril<\/u><\/td>\n<\/tr>\n<tr>\n<td width=\"45%\"><u>Seguro con coberturas crecientes para explotaciones hort\u00edcolas bajo cubierta, en la pen\u00ednsula y Baleares.<\/u><\/td>\n<td width=\"36%\">Todas las producciones hort\u00edcolas, as\u00ed como los planteles de hortalizas y tabaco.<\/td>\n<td width=\"16%\"><u>1 de junio<\/u><\/td>\n<\/tr>\n<tr>\n<td width=\"45%\"><u>Seguro de explotaci\u00f3n de fres\u00f3n y otros frutos rojos.<\/u><\/td>\n<td width=\"36%\">Ar\u00e1ndano, frambuesa, fresa, fres\u00f3n, grosella y mora.<\/td>\n<td width=\"16%\"><u>1 de junio<\/u><\/td>\n<\/tr>\n<tr>\n<td width=\"45%\"><u>Seguro con coberturas crecientes para explotaciones plataneras.<\/u><\/td>\n<td width=\"36%\">Pl\u00e1tano.<\/td>\n<td width=\"16%\"><u>1 de junio<\/u><\/td>\n<\/tr>\n<tr>\n<td width=\"45%\"><u>Seguro con coberturas crecientes para explotaciones hort\u00edcolas al aire libre, de ciclo oto\u00f1o \u2013 invierno, en la pen\u00ednsula y Baleares.<\/u><\/td>\n<td width=\"36%\">Haba verde, guisante verde, alcachofa, cardo, esp\u00e1rrago, ajo, patata, batata y boniato.<\/td>\n<td width=\"16%\"><u>1 de junio<\/u><\/td>\n<\/tr>\n<tr>\n<td width=\"45%\"><u>Seguro con coberturas crecientes para explotaciones de tomate en Canarias.<\/u><\/td>\n<td width=\"36%\">Tomate.<\/td>\n<td width=\"16%\"><u>1 de julio<\/u><\/td>\n<\/tr>\n<tr>\n<td width=\"45%\"><u>Seguro con coberturas crecientes para explotaciones de n\u00edspero y otros frutales.<\/u><\/td>\n<td width=\"36%\">Kiwi, n\u00edspero, endrino, granado, higuera, casta\u00f1a,\u00a0 azufaifo y membrillo.<\/td>\n<td width=\"16%\"><u>1 de septiembre<\/u><\/td>\n<\/tr>\n<tr>\n<td width=\"45%\"><u>Seguro con coberturas crecientes para explotaciones de frutos secos.<\/u><\/td>\n<td width=\"36%\">Almendro, avellano, algarrobo, nogal y pistacho.<\/td>\n<td width=\"16%\"><u>1 de septiembre<\/u><\/td>\n<\/tr>\n<tr>\n<td width=\"45%\"><u>Seguro con coberturas crecientes para explotaciones de cultivos herb\u00e1ceos extensivos.<\/u><\/td>\n<td width=\"36%\">Cereales de invierno, cereales de primavera, arroz, leguminosas grano, oleaginosas y paja de cereal invierno.<\/td>\n<td width=\"16%\"><u>1 de septiembre<\/u><\/td>\n<\/tr>\n<tr>\n<td width=\"45%\"><u>Seguro con coberturas crecientes para explotaciones olivareras.<\/u><\/td>\n<td width=\"36%\">Aceituna de almazara y aceituna de mesa.<\/td>\n<td width=\"16%\"><u>1 de septiembre<\/u><\/td>\n<\/tr>\n<tr>\n<td width=\"45%\"><u>Seguro con coberturas crecientes para explotaciones vit\u00edcolas en la pen\u00ednsula y Baleares.<\/u><\/td>\n<td width=\"36%\">Uva de vinificaci\u00f3n.<\/td>\n<td width=\"16%\"><u>1 de noviembre<\/u><\/td>\n<\/tr>\n<tr>\n<td width=\"45%\"><u>Seguro con coberturas crecientes para explotaciones vit\u00edcolas en Canarias.<\/u><\/td>\n<td width=\"36%\">Uva de vinificaci\u00f3n.<\/td>\n<td width=\"16%\"><u>1 de noviembre<\/u><\/td>\n<\/tr>\n<tr>\n<td width=\"45%\"><u>Seguro de Ajo.<\/u><\/td>\n<td width=\"36%\">Ajo<\/td>\n<td width=\"16%\"><u>15 de octubre<\/u><\/td>\n<\/tr>\n<tr>\n<td width=\"45%\"><u>Seguro con coberturas crecientes para explotaciones de cultivos forrajeros.<\/u><\/td>\n<td width=\"36%\">Todos los cultivos forrajeros, paja cereal invierno y pastos aprovechables a diente.<\/td>\n<td width=\"16%\"><u>15 de noviembre<\/u><\/td>\n<\/tr>\n<tr>\n<td width=\"45%\"><u>Seguro con coberturas crecientes para explotaciones de cultivos agroenerg\u00e9ticos.<\/u><\/td>\n<td width=\"36%\">Cultivos anuales o plurianuales destinados a producir biocombustible s\u00f3lido lignocelul\u00f3sicos para generar energ\u00eda.<\/td>\n<td width=\"16%\"><u>15 de noviembre<\/u><\/td>\n<\/tr>\n<tr>\n<td width=\"45%\"><u>Seguro con coberturas crecientes para explotaciones frut\u00edcolas.<\/u><\/td>\n<td width=\"36%\">Albaricoque, ciruela, manzana, manzana de sidra, melocot\u00f3n y pera.<\/td>\n<td width=\"16%\"><span style=\"color: #800000;\"><u>1 de diciembre<\/u><\/span><\/td>\n<\/tr>\n<\/tbody>\n<\/table>\n<table style=\"height: 362px;\" border=\"1\" width=\"835\">\n<tbody>\n<tr>\n<td width=\"73%\"><strong>Seguros de ganado<a name=\"Seguros de ganado\"><\/a><\/strong><\/td>\n<td width=\"25%\"><strong>Fecha inicio suscripci\u00f3n<\/strong><\/td>\n<\/tr>\n<tr>\n<td width=\"73%\"><u>Seguro de explotaci\u00f3n de ganado vacuno de reproducci\u00f3n y producci\u00f3n.<\/u><\/td>\n<td width=\"25%\"><u>1 de junio<\/u><\/td>\n<\/tr>\n<tr>\n<td width=\"73%\"><u>Seguro de explotaci\u00f3n de ganado vacuno de cebo<\/u><\/td>\n<td width=\"25%\"><u>1 de junio<\/u><\/td>\n<\/tr>\n<tr>\n<td width=\"73%\"><u>Seguro de explotaci\u00f3n de ganado vacuno de lidia<\/u><\/td>\n<td width=\"25%\"><u>1 de junio<\/u><\/td>\n<\/tr>\n<tr>\n<td width=\"73%\"><u>Seguro de explotaci\u00f3n de ganado vacuno Ganado Ovino y Caprino<\/u><\/td>\n<td width=\"25%\"><u>1 de junio<\/u><\/td>\n<\/tr>\n<tr>\n<td width=\"73%\"><u>Seguro de explotaci\u00f3n de ganado equino<\/u><\/td>\n<td width=\"25%\"><u>1 de junio<\/u><\/td>\n<\/tr>\n<tr>\n<td width=\"73%\"><u>Seguro de explotaci\u00f3n de ganado aviar de carne<\/u><\/td>\n<td width=\"25%\"><u>1 de junio<\/u><\/td>\n<\/tr>\n<tr>\n<td width=\"73%\"><u>Seguro de explotaci\u00f3n de ganado aviar de puesta<\/u><\/td>\n<td width=\"25%\"><u>1 de junio<\/u><\/td>\n<\/tr>\n<tr>\n<td width=\"73%\"><u>Seguro de explotaci\u00f3n de ganado porcino<\/u><\/td>\n<td width=\"25%\"><u>1 de junio<\/u><\/td>\n<\/tr>\n<tr>\n<td width=\"73%\"><u>Tarifa General Ganadera<\/u><\/td>\n<td width=\"25%\"><u>1 de junio<\/u><\/td>\n<\/tr>\n<tr>\n<td width=\"73%\"><u>Seguro de compensaci\u00f3n por p\u00e9rdidas de pastos.<\/u><\/td>\n<td width=\"25%\"><u>1 de julio<\/u><\/td>\n<\/tr>\n<tr>\n<td width=\"73%\"><u>Seguro de explotaci\u00f3n en apicultura<\/u><\/td>\n<td width=\"25%\"><u>1 de octubre<\/u><\/td>\n<\/tr>\n<\/tbody>\n<\/table>\n<p>&nbsp;<\/p>\n<table style=\"height: 214px;\" border=\"1\" width=\"830\">\n<tbody>\n<tr>\n<td width=\"73%\"><strong>Seguros de retirada<a name=\"Seguros de retirada\"><\/a><\/strong><\/td>\n<td width=\"25%\"><strong>Fecha inicio suscripci\u00f3n<\/strong><\/td>\n<\/tr>\n<tr>\n<td width=\"73%\"><u>Seguro para la cobertura de gastos derivados de la retirada y destrucci\u00f3n de animales muertos en la explotaci\u00f3n<\/u><\/td>\n<td width=\"25%\"><u>1 de junio<\/u><\/td>\n<\/tr>\n<\/tbody>\n<\/table>\n<p>&nbsp;<\/p>\n<table style=\"height: 174px;\" border=\"1\" width=\"837\">\n<tbody>\n<tr>\n<td width=\"73%\"><strong>Seguros en producciones acu\u00edcolas<a name=\"Seguros en producciones acu\u00edcolas\"><\/a><\/strong><\/td>\n<td width=\"25%\"><strong>Fecha inicio suscripci\u00f3n<\/strong><\/td>\n<\/tr>\n<tr>\n<td width=\"73%\"><u>Seguro de acuicultura continental<\/u><\/td>\n<td width=\"25%\"><u>1 de junio<\/u><\/td>\n<\/tr>\n<tr>\n<td width=\"73%\"><u>Seguro de acuicultura marina<\/u><\/td>\n<td width=\"25%\"><u>1 de junio<\/u><\/td>\n<\/tr>\n<tr>\n<td width=\"73%\"><u>Seguro de acuicultura marina para mejill\u00f3n<\/u><\/td>\n<td width=\"25%\"><u>1 de febrero<\/u><\/td>\n<\/tr>\n<\/tbody>\n<\/table>\n<p>&nbsp;<\/p>\n<p><em>La finalizaci\u00f3n del per\u00edodo de contrataci\u00f3n de las anteriores l\u00edneas de seguro var\u00eda seg\u00fan provincias, modalidades u opciones, por lo que es necesario que recabe informaci\u00f3n a este respecto, a trav\u00e9s de su tomador o mediador de seguro.<\/em><\/p>\n","protected":false},"excerpt":{"rendered":"<p>Seguros para producciones agr\u00edcolas Seguros de ganado Seguros de retirada Seguros en producciones acu\u00edcolas M\u00e1s informaci\u00f3n L\u00cdNEAS DE SEGURO AGRUPADAS POR TIPOS DE SEGURO, CON SUS INICIOS DE SUSCRIPCI\u00d3N PREVISTOS CALENDARIO DE INICIO DE SUSCRIPCI\u00d3N \u00a0 &nbsp; Seguros para producciones agr\u00edcolas Producciones asegurables Fecha inicio suscripci\u00f3n Seguro coberturas crecientes explotaciones de cereza Cereza 1 de [&hellip;]<\/p>\n","protected":false},"author":3,"featured_media":0,"parent":5,"menu_order":2,"comment_status":"closed","ping_status":"closed","template":"","meta":[],"_links":{"self":[{"href":"https:\/\/www.mutuaarrocera.com\/index.php?rest_route=\/wp\/v2\/pages\/899"}],"collection":[{"href":"https:\/\/www.mutuaarrocera.com\/index.php?rest_route=\/wp\/v2\/pages"}],"about":[{"href":"https:\/\/www.mutuaarrocera.com\/index.php?rest_route=\/wp\/v2\/types\/page"}],"author":[{"embeddable":true,"href":"https:\/\/www.mutuaarrocera.com\/index.php?rest_route=\/wp\/v2\/users\/3"}],"replies":[{"embeddable":true,"href":"https:\/\/www.mutuaarrocera.com\/index.php?rest_route=%2Fwp%2Fv2%2Fcomments&post=899"}],"version-history":[{"count":181,"href":"https:\/\/www.mutuaarrocera.com\/index.php?rest_route=\/wp\/v2\/pages\/899\/revisions"}],"predecessor-version":[{"id":3366,"href":"https:\/\/www.mutuaarrocera.com\/index.php?rest_route=\/wp\/v2\/pages\/899\/revisions\/3366"}],"up":[{"embeddable":true,"href":"https:\/\/www.mutuaarrocera.com\/index.php?rest_route=\/wp\/v2\/pages\/5"}],"wp:attachment":[{"href":"https:\/\/www.mutuaarrocera.com\/index.php?rest_route=%2Fwp%2Fv2%2Fmedia&parent=899"}],"curies":[{"name":"wp","href":"https:\/\/api.w.org\/{rel}","templated":true}]}}