{"id":30,"date":"2010-06-21T00:02:56","date_gmt":"2010-06-20T22:02:56","guid":{"rendered":"http:\/\/www.mutuaarrocera.com\/\/?page_id=30"},"modified":"2010-10-05T18:57:28","modified_gmt":"2010-10-05T16:57:28","slug":"origen-y-funciones","status":"publish","type":"page","link":"https:\/\/www.mutuaarrocera.com\/?page_id=30","title":{"rendered":"Origen y Funciones de la Fundaci\u00f3n"},"content":{"rendered":"<p><a href=\"\/wp-content\/uploads\/2010\/06\/logomutua.png\"><img loading=\"lazy\" class=\"size-medium wp-image-317 alignleft\" title=\"logomutua\" src=\"https:\/\/www.mutuaarrocera.com\/\/wp-content\/uploads\/2010\/06\/logomutua-300x259.png\" alt=\"Logotipo de la fundaci\u00f3n\" width=\"300\" height=\"259\" srcset=\"https:\/\/www.mutuaarrocera.com\/wp-content\/uploads\/2010\/06\/logomutua-300x259.png 300w, https:\/\/www.mutuaarrocera.com\/wp-content\/uploads\/2010\/06\/logomutua.png 347w\" sizes=\"(max-width: 300px) 100vw, 300px\" \/><\/a>La Fundaci\u00f3n, desde el total convencimiento de la gran importancia que el sector Arrocero tiene para la salud, el bienestar y el progreso econ\u00f3mico, establece los siguientes objetivos como base principal de su actividad:<\/p>\n<p>1. La realizaci\u00f3n de estudios, informes, seminarios y cualquier otro tipo de actos y de trabajos, dirigidos a mejorar el nivel del arroz y de sus productos derivados, desde su origen, pasando por la producci\u00f3n, elaboraci\u00f3n y distribuci\u00f3n, hasta llegar al consumidor final, en sus aspectos nutricional, sanitario, tecnol\u00f3gico, econ\u00f3mico-comercial y social.<\/p>\n<p>2. La difusi\u00f3n y promoci\u00f3n de las caracter\u00edsticas propias del sector arrocero y de sus profesionales, desde la producci\u00f3n hasta el consumo, a trav\u00e9s de la celebraci\u00f3n de Jornadas, Conferencias, Concesi\u00f3n de premios y distinciones, edici\u00f3n de publicaciones y, en general, de todas aquellas acciones que se consideran adecuadas a este objetivo, promoviendo el desarrollo, protecci\u00f3n y progreso econ\u00f3mico, social y cultural de los profesionales que integran el sector arrocero y de sus familiares.<\/p>\n<p>3. La organizaci\u00f3n y patrocinio de experiencias concretas en materia de investigaci\u00f3n y docencia, relativas al sector arrocero, mediante acuerdos y colaboraciones con Instituciones, Universidades y Centros especializados, publicaci\u00f3n de libros, concesi\u00f3n de becas y ayudas.<\/p>\n<p>4. La difusi\u00f3n de las caracter\u00edsticas de los seguros existentes para el cultivo y comercializaci\u00f3n del arroz y el fomento de su contrataci\u00f3n mediante la concesi\u00f3n de ayudas, la celebraci\u00f3n de Jornadas, Conferencias, edici\u00f3n de publicaciones y, en general, de todas aquellas acciones que se consideran adecuadas a este objetivo, en particular mediante convenios de colaboraci\u00f3n con entidades aseguradoras y entidades representativas de los productores.<\/p>\n<p>5. De manera general, cualquier actuaci\u00f3n que se estime eficaz para el avance tecnol\u00f3gico, econ\u00f3mico y social del Sector Arrocero y los consumidores.<\/p>\n","protected":false},"excerpt":{"rendered":"<p>La Fundaci\u00f3n, desde el total convencimiento de la gran importancia que el sector Arrocero tiene para la salud, el bienestar y el progreso econ\u00f3mico, establece los siguientes objetivos como base principal de su actividad: 1. La realizaci\u00f3n de estudios, informes, seminarios y cualquier otro tipo de actos y de trabajos, dirigidos a mejorar el nivel [&hellip;]<\/p>\n","protected":false},"author":1,"featured_media":0,"parent":9,"menu_order":0,"comment_status":"closed","ping_status":"closed","template":"","meta":[],"_links":{"self":[{"href":"https:\/\/www.mutuaarrocera.com\/index.php?rest_route=\/wp\/v2\/pages\/30"}],"collection":[{"href":"https:\/\/www.mutuaarrocera.com\/index.php?rest_route=\/wp\/v2\/pages"}],"about":[{"href":"https:\/\/www.mutuaarrocera.com\/index.php?rest_route=\/wp\/v2\/types\/page"}],"author":[{"embeddable":true,"href":"https:\/\/www.mutuaarrocera.com\/index.php?rest_route=\/wp\/v2\/users\/1"}],"replies":[{"embeddable":true,"href":"https:\/\/www.mutuaarrocera.com\/index.php?rest_route=%2Fwp%2Fv2%2Fcomments&post=30"}],"version-history":[{"count":8,"href":"https:\/\/www.mutuaarrocera.com\/index.php?rest_route=\/wp\/v2\/pages\/30\/revisions"}],"predecessor-version":[{"id":51,"href":"https:\/\/www.mutuaarrocera.com\/index.php?rest_route=\/wp\/v2\/pages\/30\/revisions\/51"}],"up":[{"embeddable":true,"href":"https:\/\/www.mutuaarrocera.com\/index.php?rest_route=\/wp\/v2\/pages\/9"}],"wp:attachment":[{"href":"https:\/\/www.mutuaarrocera.com\/index.php?rest_route=%2Fwp%2Fv2%2Fmedia&parent=30"}],"curies":[{"name":"wp","href":"https:\/\/api.w.org\/{rel}","templated":true}]}}