{"id":3,"date":"2010-06-20T23:53:41","date_gmt":"2010-06-20T21:53:41","guid":{"rendered":"http:\/\/www.mutuaarrocera.com\/\/?page_id=3"},"modified":"2026-04-01T10:42:14","modified_gmt":"2026-04-01T08:42:14","slug":"mutua-arrocera","status":"publish","type":"page","link":"https:\/\/www.mutuaarrocera.com\/?page_id=3","title":{"rendered":"Mutua Arrocera"},"content":{"rendered":"<div id=\"container\" style=\"height: 240px; width: 805px;\">\n<div style=\"position: absolute; width: 650px; float: left;\">\n<ul>\n<li style=\"list-style-type: none;\">\n<ul>\n<li style=\"list-style-type: none;\">\n<ul>\n<li>\n<h3><a title=\"Presentaci\u00f3n\" href=\"\/?page_id=14\">Presentaci\u00f3n<\/a><\/h3>\n<\/li>\n<li>\n<h3><a title=\"Or\u00edgenes\" href=\"\/?page_id=17\">Or\u00edgenes<\/a><\/h3>\n<\/li>\n<li>\n<h3><a title=\"C\u00f3digo \u00c9tico de Prevenci\u00f3n de Actuaciones Delictivas\" href=\"\/?page_id=1862\">C\u00f3digo \u00c9tico de Prevenci\u00f3n de Actuaciones Delictivas<\/a><\/h3>\n<\/li>\n<li>\n<h3><a title=\"Plantillas Informe de Solvencia Ejercicio 2019\" href=\"\/?page_id=2491\">Plantillas Informe de Solvencia Ejercicio 2019<\/a><\/h3>\n<\/li>\n<li>\n<h3><a title=\"Informe sobre la situaci\u00f3n financiera y de solvencia 2019\" href=\"\/?page_id=2519\">Informe sobre la situaci\u00f3n financiera y de solvencia 2019<\/a><\/h3>\n<\/li>\n<li>\n<h3><a title=\"Informe sobre la situaci\u00f3n financiera y de solvencia 2020\" href=\"\/?page_id=2794\">Informe sobre la situaci\u00f3n financiera y de solvencia 2020<\/a><\/h3>\n<\/li>\n<li>\n<h3><a title=\"Informe sobre la situaci\u00f3n financiera y de solvencia 2021\" href=\"\/?page_id=2922\">Informe sobre la situaci\u00f3n financiera y de solvencia 2021<\/a><\/h3>\n<\/li>\n<li>\n<h3><a title=\"Informe sobre la situaci\u00f3n financiera y de solvencia 2021\" href=\"\/?page_id=3051\">Informe sobre la situaci\u00f3n financiera y de solvencia 2022<\/a><\/h3>\n<\/li>\n<li>\n<h3><a title=\"Informe sobre la situaci\u00f3n financiera y de solvencia 2023\" href=\"\/?page_id=3152\">Informe sobre la situaci\u00f3n financiera y de solvencia 2023<\/a><\/h3>\n<\/li>\n<li>\n<h3><a title=\"Informe sobre la situaci\u00f3n financiera y de solvencia 2023\" href=\"\/?page_id=3288\">Informe sobre la situaci\u00f3n financiera y de solvencia 2024<\/a><\/h3>\n<\/li>\n<li>\n<h3><a href=\"https:\/\/www.mutuaarrocera.com\/wp-content\/uploads\/2026\/04\/INFORME-SFCR-2025-MUTUA-ARROCERA-WEB.pdf\">Informe sobre la situaci\u00f3n financiera y de solvencia 2025<\/a><\/h3>\n<\/li>\n<\/ul>\n<\/li>\n<\/ul>\n<\/li>\n<\/ul>\n<\/div>\n<div style=\"position: relative; float: right;\"><\/div>\n<\/div>\n","protected":false},"excerpt":{"rendered":"<p>Presentaci\u00f3n Or\u00edgenes C\u00f3digo \u00c9tico de Prevenci\u00f3n de Actuaciones Delictivas Plantillas Informe de Solvencia Ejercicio 2019 Informe sobre la situaci\u00f3n financiera y de solvencia 2019 Informe sobre la situaci\u00f3n financiera y de solvencia 2020 Informe sobre la situaci\u00f3n financiera y de solvencia 2021 Informe sobre la situaci\u00f3n financiera y de solvencia 2022 Informe sobre la situaci\u00f3n [&hellip;]<\/p>\n","protected":false},"author":1,"featured_media":0,"parent":0,"menu_order":0,"comment_status":"closed","ping_status":"closed","template":"","meta":[],"_links":{"self":[{"href":"https:\/\/www.mutuaarrocera.com\/index.php?rest_route=\/wp\/v2\/pages\/3"}],"collection":[{"href":"https:\/\/www.mutuaarrocera.com\/index.php?rest_route=\/wp\/v2\/pages"}],"about":[{"href":"https:\/\/www.mutuaarrocera.com\/index.php?rest_route=\/wp\/v2\/types\/page"}],"author":[{"embeddable":true,"href":"https:\/\/www.mutuaarrocera.com\/index.php?rest_route=\/wp\/v2\/users\/1"}],"replies":[{"embeddable":true,"href":"https:\/\/www.mutuaarrocera.com\/index.php?rest_route=%2Fwp%2Fv2%2Fcomments&post=3"}],"version-history":[{"count":59,"href":"https:\/\/www.mutuaarrocera.com\/index.php?rest_route=\/wp\/v2\/pages\/3\/revisions"}],"predecessor-version":[{"id":3414,"href":"https:\/\/www.mutuaarrocera.com\/index.php?rest_route=\/wp\/v2\/pages\/3\/revisions\/3414"}],"wp:attachment":[{"href":"https:\/\/www.mutuaarrocera.com\/index.php?rest_route=%2Fwp%2Fv2%2Fmedia&parent=3"}],"curies":[{"name":"wp","href":"https:\/\/api.w.org\/{rel}","templated":true}]}}