{"id":1862,"date":"2016-06-14T11:08:00","date_gmt":"2016-06-14T09:08:00","guid":{"rendered":"http:\/\/www.mutuaarrocera.com\/?page_id=1862"},"modified":"2018-05-07T09:01:50","modified_gmt":"2018-05-07T07:01:50","slug":"codigo-etico-de-prevencion-de-actuaciones-delictivas","status":"publish","type":"page","link":"https:\/\/www.mutuaarrocera.com\/?page_id=1862","title":{"rendered":"C\u00d3DIGO \u00c9TICO DE PREVENCI\u00d3N DE ACTUACIONES DELICTIVAS"},"content":{"rendered":"<a href=\"https:\/\/www.mutuaarrocera.com\/wp-content\/uploads\/2016\/06\/CODIGO-ETICO-DE-PREVENCION-ACTUACIONES-DELITICTIVAS.pdf\" class=\"pdfemb-viewer\" style=\"\" data-width=\"max\" data-height=\"max\"  data-toolbar=\"bottom\" data-toolbar-fixed=\"off\">CODIGO-ETICO-DE-PREVENCION-ACTUACIONES-DELITICTIVAS<br\/><\/a>\n","protected":false},"excerpt":{"rendered":"","protected":false},"author":3,"featured_media":0,"parent":3,"menu_order":3,"comment_status":"closed","ping_status":"closed","template":"","meta":[],"_links":{"self":[{"href":"https:\/\/www.mutuaarrocera.com\/index.php?rest_route=\/wp\/v2\/pages\/1862"}],"collection":[{"href":"https:\/\/www.mutuaarrocera.com\/index.php?rest_route=\/wp\/v2\/pages"}],"about":[{"href":"https:\/\/www.mutuaarrocera.com\/index.php?rest_route=\/wp\/v2\/types\/page"}],"author":[{"embeddable":true,"href":"https:\/\/www.mutuaarrocera.com\/index.php?rest_route=\/wp\/v2\/users\/3"}],"replies":[{"embeddable":true,"href":"https:\/\/www.mutuaarrocera.com\/index.php?rest_route=%2Fwp%2Fv2%2Fcomments&post=1862"}],"version-history":[{"count":4,"href":"https:\/\/www.mutuaarrocera.com\/index.php?rest_route=\/wp\/v2\/pages\/1862\/revisions"}],"predecessor-version":[{"id":1868,"href":"https:\/\/www.mutuaarrocera.com\/index.php?rest_route=\/wp\/v2\/pages\/1862\/revisions\/1868"}],"up":[{"embeddable":true,"href":"https:\/\/www.mutuaarrocera.com\/index.php?rest_route=\/wp\/v2\/pages\/3"}],"wp:attachment":[{"href":"https:\/\/www.mutuaarrocera.com\/index.php?rest_route=%2Fwp%2Fv2%2Fmedia&parent=1862"}],"curies":[{"name":"wp","href":"https:\/\/api.w.org\/{rel}","templated":true}]}}