{"id":17,"date":"2010-06-20T23:58:10","date_gmt":"2010-06-20T21:58:10","guid":{"rendered":"http:\/\/www.mutuaarrocera.com\/\/?page_id=17"},"modified":"2018-05-07T09:01:23","modified_gmt":"2018-05-07T07:01:23","slug":"origenes","status":"publish","type":"page","link":"https:\/\/www.mutuaarrocera.com\/?page_id=17","title":{"rendered":"Or\u00edgenes"},"content":{"rendered":"<p><strong><span style=\"text-decoration: underline;\">ORIGEN DE LA MUTUALIDAD<\/span><\/strong><\/p>\n<p>Su nacimiento en 1.940 aparece estrechamente vinculado a la asunci\u00f3n de la cobertura de un riesgo que, demandado en su momento al mercado asegurador, no encontr\u00f3 respuesta positiva. Fue entonces la Federaci\u00f3n de Arroceros, agrupaci\u00f3n a la que pertenec\u00edan todos los cultivadores de arroz, la que inici\u00f3 las negociaciones con diversas entidades de seguros, encontrando negativas de todas ellas. Ello provoc\u00f3 que los agricultores, ante la necesidad de un seguro, se convirtieran en sus propios aseguradores, creando la MUTUALIDAD ARROCERA DE SEGUROS.<\/p>\n<p>La formalizaci\u00f3n del seguro se extendi\u00f3 con rapidez en las 13 provincias arroceras de entonces, incluso a Marruecos en aquel momento protectorado espa\u00f1ol.<\/p>\n<p>En 1949 se iniciaron las experiencias para establecer la Lucha Antigranizo a base de cohetes antigranifugos, servicio que continuo hasta el a\u00f1o 1985, pues al liberalizarse la obligaci\u00f3n de asegurar, no era justo que los que voluntariamente aseguraban y contribu\u00edan al gasto que ello ocasionaba,\u00a0 cubrieran tambi\u00e9n a quienes no lo hac\u00edan.<\/p>\n<p>En 1979 el Estado crea AGROSEGURO y el Plan de Seguros Agrarios Combinados, a fin de que con ayudas y subvenciones el cultivador se responsabilizase y comenzara a asegurar sus cosechas. El plan empez\u00f3 asegurando los cereales, todos menos el arroz porque contaba ya con la Mutua que cubr\u00eda esas cosechas. Luego se fue ampliando a otros cultivos, pues el esp\u00edritu de la Ley es abarcar todos los riesgos agr\u00edcolas, forestales y pecuarios.<\/p>\n<p>En los planes trienales, poco a poco se fueron introduciendo nuevos cultivos. En ning\u00fan caso el arroz, hasta que en 1999 la Entidad Estatal de los Seguros Agrarios (ENESA) dependiente del Ministerio de Agricultura comunic\u00f3 a la Mutua la intenci\u00f3n de incluir la L\u00ednea del Arroz en el Plan de Seguros Agrarios Combinados, ya que era uno de los pocos sectores agr\u00edcolas importantes que quedaba fuera del Plan. Como consecuencia y despu\u00e9s de varias reuniones para conocer nuestro funcionamiento, tarifas y forma de actuar llev\u00f3 a la inclusi\u00f3n del Seguro del Arroz dentro del Plan de Seguros Agrarios Combinados para el ejercicio 1999.<\/p>\n<p>La Mutua consigui\u00f3 que en la l\u00ednea del arroz, Agroseguro \u201ccopiara\u201d pr\u00e1cticamente la totalidad de condiciones que nosotros ten\u00edamos: franquicias, tipo de riesgos, coberturas, etc.<\/p>\n<p>Desde entonces la Mutua opera en todas las l\u00edneas de seguro incluidas en los Planes de Seguros Agrarios Combinados de Agroseguro, siendo una de las Mutuas con mayor implantaci\u00f3n nacional, operando en todas las comunidades aut\u00f3nomas con mayor desarrollo agr\u00edcola y ganadero.<\/p>\n","protected":false},"excerpt":{"rendered":"<p>ORIGEN DE LA MUTUALIDAD Su nacimiento en 1.940 aparece estrechamente vinculado a la asunci\u00f3n de la cobertura de un riesgo que, demandado en su momento al mercado asegurador, no encontr\u00f3 respuesta positiva. Fue entonces la Federaci\u00f3n de Arroceros, agrupaci\u00f3n a la que pertenec\u00edan todos los cultivadores de arroz, la que inici\u00f3 las negociaciones con diversas [&hellip;]<\/p>\n","protected":false},"author":1,"featured_media":0,"parent":3,"menu_order":2,"comment_status":"open","ping_status":"open","template":"","meta":[],"_links":{"self":[{"href":"https:\/\/www.mutuaarrocera.com\/index.php?rest_route=\/wp\/v2\/pages\/17"}],"collection":[{"href":"https:\/\/www.mutuaarrocera.com\/index.php?rest_route=\/wp\/v2\/pages"}],"about":[{"href":"https:\/\/www.mutuaarrocera.com\/index.php?rest_route=\/wp\/v2\/types\/page"}],"author":[{"embeddable":true,"href":"https:\/\/www.mutuaarrocera.com\/index.php?rest_route=\/wp\/v2\/users\/1"}],"replies":[{"embeddable":true,"href":"https:\/\/www.mutuaarrocera.com\/index.php?rest_route=%2Fwp%2Fv2%2Fcomments&post=17"}],"version-history":[{"count":6,"href":"https:\/\/www.mutuaarrocera.com\/index.php?rest_route=\/wp\/v2\/pages\/17\/revisions"}],"predecessor-version":[{"id":2154,"href":"https:\/\/www.mutuaarrocera.com\/index.php?rest_route=\/wp\/v2\/pages\/17\/revisions\/2154"}],"up":[{"embeddable":true,"href":"https:\/\/www.mutuaarrocera.com\/index.php?rest_route=\/wp\/v2\/pages\/3"}],"wp:attachment":[{"href":"https:\/\/www.mutuaarrocera.com\/index.php?rest_route=%2Fwp%2Fv2%2Fmedia&parent=17"}],"curies":[{"name":"wp","href":"https:\/\/api.w.org\/{rel}","templated":true}]}}