{"id":1411,"date":"2013-10-10T11:57:28","date_gmt":"2013-10-10T09:57:28","guid":{"rendered":"http:\/\/www.mutuaarrocera.com\/?page_id=1411"},"modified":"2013-10-10T11:57:28","modified_gmt":"2013-10-10T09:57:28","slug":"politica-de-cookies","status":"publish","type":"page","link":"https:\/\/www.mutuaarrocera.com\/?page_id=1411","title":{"rendered":"Pol\u00edtica de Cookies"},"content":{"rendered":"<p>En esta web utilizamos cookies propias y de terceros con el objetivo de hacer m\u00e1s funcional y \u00fatil la experiencia de los usuarios en nuestra p\u00e1gina Web.<\/p>\n<p>Para garantizar al usuario la informaci\u00f3n necesaria para la navegaci\u00f3n en nuestro sitio web, ponemos a su disposici\u00f3n el siguiente texto informativo sobre qu\u00e9 es una cookie, su tipolog\u00eda, y cual es el procedimiento para que el usuario pueda configurarlas o deshabilitarlas.<\/p>\n<h2>1. Qu\u00e9 son las cookies<\/h2>\n<p>Una &#8216;cookie&#8217; es un peque\u00f1o fragmento de texto que act\u00faa como dispositivo de almacenamiento y recuperaci\u00f3n de informaci\u00f3n; este fragmento de texto o cookie se descarga en el ordenador o en el dispositivo electr\u00f3nico del usuario al acceder a determinadas p\u00e1ginas web o aplicaciones.<\/p>\n<p>Estos archivos permiten que el sitio web recuerde informaci\u00f3n sobre su visita lo que puede facilitar su pr\u00f3xima visita y hacer que el sitio resulte m\u00e1s \u00fatil al personalizar su contenido. Las &#8216;cookies&#8217; desempe\u00f1an un papel muy importante, al mejorar la experiencia del uso de la web.<br \/>\nActualmente, la pr\u00e1ctica totalidad de las p\u00e1ginas web, independientemente del servicio que puedan prestar, utilizan cookies para guardar una informaci\u00f3n m\u00ednima de la utilizaci\u00f3n realizada por el usuario en la p\u00e1gina web.<\/p>\n<h2>2. Tipos de cookies utilizados en esta web<\/h2>\n<p>En esta web los tipos de cookies utilizados son:<\/p>\n<ul>\n<li>Cookies de sesi\u00f3n: Se trata de cookies imprescindibles para la navegaci\u00f3n por la p\u00e1gina web al facilitar al usuario el uso de sus prestaciones o herramientas. Estas cookies se encargar de identificar la sesi\u00f3n, permitir el acceso a \u00e1reas restringidas, recordar los elementos que integran un pedido (si procede), efectuar el proceso de compra de un pedido (si procede), etc. Sin estas cookies, la funcionalidad principal de la p\u00e1gina ser\u00eda imposible.<\/li>\n<\/li>\n<li>Cookies de comportamiento: El objetivo de estas cookies es la de recopilar informaci\u00f3n sobre el uso de la web, por ejemplo cuales son las p\u00e1ginas m\u00e1s visitadas. Su objetivo es permitir al responsable de la web de introducir cambios y mejoras en el sitio en base a la informaci\u00f3n recopilada. Destacar que estas cookies se utilizan para analizar el comportamiento del usuario de forma agregada y an\u00f3nima, no pudi\u00e9ndose identificar al usuario en ning\u00fan caso. Se utilizan exclusivamente para el correcto funcionamiento y mejora cont\u00ednua de la p\u00e1gina web.<\/li>\n<\/li>\n<li>Cookies de personalizaci\u00f3n\/funcionalidad: Permiten recordar a la p\u00e1gina web las decisiones que el usuario toma. Su objetivo es la prestaci\u00f3n de un servicio personalizado a la visita del propio usuario. La informaci\u00f3n recopilada por estas cookies es completamente an\u00f3nima no pudiendo identificar al usuario. Se utiliza exclusivamente para dotar a la web de funcionamiento personalizado para cada visitante.<\/li>\n<\/ul>\n<h2>3. Procedimiento de oposici\u00f3n a la instalaci\u00f3n de las cookies<\/h2>\n<p>El Usuario puede libremente decidir acerca de la implantaci\u00f3n o no en su disco duro de nuestras cookies accediendo a la configuraci\u00f3n de su navegador:<\/p>\n<ul>\n<li>Chrome, desde\u00a0<a href=\"http:\/\/support.google.com\/chrome\/bin\/answer.py?hl=es&amp;answer=95647\" target=\"_blank\">http:\/\/support.google.com\/chrome\/bin\/answer.py?hl=es&amp;answer=95647<\/a><\/li>\n<li>Firefox, desde <a href=\"http:\/\/support.mozilla.org\/es\/kb\/habilitar-y-deshabilitar-cookies-que-los-sitios-we\" target=\"_blank\">http:\/\/support.mozilla.org\/es\/kb\/habilitar-y-deshabilitar-cookies-que-los-sitios-we<\/a><\/li>\n<li>Explorer, desde\u00a0<a href=\"http:\/\/windows.microsoft.com\/es-es\/windows7\/how-to-manage-cookies-in-internet-explorer-9\" target=\"_blank\">http:\/\/windows.microsoft.com\/es-es\/windows7\/how-to-manage-cookies-in-internet-explorer-9<\/a><\/li>\n<li>Safari, desde\u00a0<a href=\"http:\/\/support.apple.com\/kb\/ph5042\" target=\"_blank\">http:\/\/support.apple.com\/kb\/ph5042<\/a><\/li>\n<\/ul>\n","protected":false},"excerpt":{"rendered":"<p>En esta web utilizamos cookies propias y de terceros con el objetivo de hacer m\u00e1s funcional y \u00fatil la experiencia de los usuarios en nuestra p\u00e1gina Web. Para garantizar al usuario la informaci\u00f3n necesaria para la navegaci\u00f3n en nuestro sitio web, ponemos a su disposici\u00f3n el siguiente texto informativo sobre qu\u00e9 es una cookie, su [&hellip;]<\/p>\n","protected":false},"author":1,"featured_media":0,"parent":0,"menu_order":0,"comment_status":"closed","ping_status":"closed","template":"","meta":[],"_links":{"self":[{"href":"https:\/\/www.mutuaarrocera.com\/index.php?rest_route=\/wp\/v2\/pages\/1411"}],"collection":[{"href":"https:\/\/www.mutuaarrocera.com\/index.php?rest_route=\/wp\/v2\/pages"}],"about":[{"href":"https:\/\/www.mutuaarrocera.com\/index.php?rest_route=\/wp\/v2\/types\/page"}],"author":[{"embeddable":true,"href":"https:\/\/www.mutuaarrocera.com\/index.php?rest_route=\/wp\/v2\/users\/1"}],"replies":[{"embeddable":true,"href":"https:\/\/www.mutuaarrocera.com\/index.php?rest_route=%2Fwp%2Fv2%2Fcomments&post=1411"}],"version-history":[{"count":4,"href":"https:\/\/www.mutuaarrocera.com\/index.php?rest_route=\/wp\/v2\/pages\/1411\/revisions"}],"predecessor-version":[{"id":1415,"href":"https:\/\/www.mutuaarrocera.com\/index.php?rest_route=\/wp\/v2\/pages\/1411\/revisions\/1415"}],"wp:attachment":[{"href":"https:\/\/www.mutuaarrocera.com\/index.php?rest_route=%2Fwp%2Fv2%2Fmedia&parent=1411"}],"curies":[{"name":"wp","href":"https:\/\/api.w.org\/{rel}","templated":true}]}}